{"id":942,"date":"2020-08-18T17:19:36","date_gmt":"2020-08-18T15:19:36","guid":{"rendered":"http:\/\/localhost:8888\/mjb\/collection\/a-propos\/"},"modified":"2021-11-02T14:08:50","modified_gmt":"2021-11-02T13:08:50","slug":"over-de-collectie","status":"publish","type":"page","link":"https:\/\/www.mjb-jmb.org\/nl\/verzamelingen\/over-de-collectie\/","title":{"rendered":"Over de collectie"},"content":{"rendered":"\n<p>Les collections du Mus\u00e9e Juif de Belgique refl\u00e8tent principalement la vie et l\u2019histoire des populations juives de nos r\u00e9gions depuis le XVIIIe si\u00e8cle. Elles proviennent des acquisitions, de nombreux dons et de divers d\u00e9p\u00f4ts, comme ceux notamment du Consistoire Central Isra\u00e9lite de Belgique et des communaut\u00e9s juives du pays, de la Fondation Stelman-Topiol, du D\u00e9partement des antiquit\u00e9s isra\u00e9liennes, ou encore de la collection Wiener.<\/p>\n\n\n\n<p><a href=\"https:\/\/collections.heritage.brussels\/index.php?institution=118&amp;section=objects&amp;lg=nl\" target=\"_blank\" rel=\"noreferrer noopener\">Klik hier om een \u200b\u200bvoorbeeld van onze collecties te zien<\/a><\/p>\n","protected":false},"excerpt":{"rendered":"<p>Les collections du Mus\u00e9e Juif de Belgique refl\u00e8tent principalement la vie et l\u2019histoire des populations juives de nos r\u00e9gions depuis&#8230;<\/p>\n","protected":false},"author":1,"featured_media":11491,"parent":940,"menu_order":0,"comment_status":"closed","ping_status":"closed","template":"","meta":{"footnotes":""},"class_list":["post-942","page","type-page","status-publish","has-post-thumbnail","hentry"],"acf":[],"_links":{"self":[{"href":"https:\/\/www.mjb-jmb.org\/nl\/wp-json\/wp\/v2\/pages\/942","targetHints":{"allow":["GET"]}}],"collection":[{"href":"https:\/\/www.mjb-jmb.org\/nl\/wp-json\/wp\/v2\/pages"}],"about":[{"href":"https:\/\/www.mjb-jmb.org\/nl\/wp-json\/wp\/v2\/types\/page"}],"author":[{"embeddable":true,"href":"https:\/\/www.mjb-jmb.org\/nl\/wp-json\/wp\/v2\/users\/1"}],"replies":[{"embeddable":true,"href":"https:\/\/www.mjb-jmb.org\/nl\/wp-json\/wp\/v2\/comments?post=942"}],"version-history":[{"count":0,"href":"https:\/\/www.mjb-jmb.org\/nl\/wp-json\/wp\/v2\/pages\/942\/revisions"}],"up":[{"embeddable":true,"href":"https:\/\/www.mjb-jmb.org\/nl\/wp-json\/wp\/v2\/pages\/940"}],"wp:featuredmedia":[{"embeddable":true,"href":"https:\/\/www.mjb-jmb.org\/nl\/wp-json\/wp\/v2\/media\/11491"}],"wp:attachment":[{"href":"https:\/\/www.mjb-jmb.org\/nl\/wp-json\/wp\/v2\/media?parent=942"}],"curies":[{"name":"wp","href":"https:\/\/api.w.org\/{rel}","templated":true}]}}