{"id":5190,"date":"2020-08-18T09:12:06","date_gmt":"2020-08-18T07:12:06","guid":{"rendered":"https:\/\/www.mjb-jmb.org\/adhesion\/"},"modified":"2022-07-20T15:33:11","modified_gmt":"2022-07-20T13:33:11","slug":"support-us","status":"publish","type":"page","link":"https:\/\/www.mjb-jmb.org\/en\/support-us\/","title":{"rendered":"Support us"},"content":{"rendered":"\n<figure id=\"m_-9036045636379956033bodyTable\" class=\"wp-block-table\"><table><tbody><tr><td>Malgr\u00e9 un contexte difficile, notre \u00e9quipe travaille d\u2019arrache-pied pour offrir \u00e0 notre public des activit\u00e9s et expositions de qualit\u00e9. Nous poursuivons avec enthousiasme nos missions qui sont : la conservation du patrimoine juif de Belgique, les expositions temporaires en \u00e9cho \u00e0 des sujets d\u2019actualit\u00e9 et les activit\u00e9s \u00e9ducatives \u00e0 l\u2019attention des publics scolaires.<\/td><\/tr><\/tbody><\/table><\/figure>\n\n\n\n<p>Votre contribution au projet du Mus\u00e9e Juif de Belgique est plus importante que jamais.<\/p>\n\n\n\n<h2 class=\"wp-block-heading\">Types de cotisations<\/h2>\n\n\n\n<p>Membre:<strong> 100\u20ac<\/strong> <\/p>\n\n\n\n<ul class=\"wp-block-list\"><li>Acc\u00e8s illimit\u00e9 aux collections &amp; aux expositions pour vous &amp; 1 accompagnant<\/li><li>Participation aux activit\u00e9s r\u00e9serv\u00e9es aux amis du Mus\u00e9e<\/li><\/ul>\n\n\n\n<p>Soutien:<strong> 250\u20ac<\/strong> <\/p>\n\n\n\n<ul class=\"wp-block-list\"><li>Soutien aux expositions temporaires<\/li><li>Acc\u00e8s illimit\u00e9 aux collections et aux expositions pour vous &amp; votre famille<\/li><li>Participation prioritaire aux activit\u00e9s<\/li><li>Visites guid\u00e9es en compagnie des artistes, commissaires et direction<\/li><\/ul>\n\n\n\n<p>Bienfaiteur: <strong>500\u20ac<\/strong><\/p>\n\n\n\n<ul class=\"wp-block-list\"><li>Soutien aux expositions temporaires<\/li><li>Acc\u00e8s illimit\u00e9 aux collections et aux expositions pour vous &amp; votre famille<\/li><li>Participation prioritaire aux activit\u00e9s<\/li><li>Visites guid\u00e9es en compagnie des artistes, commissaires &amp; direction<\/li><li>Catalogue de l\u2019exposition majeure de l\u2019ann\u00e9e<\/li><\/ul>\n\n\n\n<p>M\u00e9c\u00e8ne: <strong>1000\u20ac<\/strong><\/p>\n\n\n\n<ul class=\"wp-block-list\"><li>Soutien aux expositions temporaires<\/li><li>Acc\u00e8s illimit\u00e9 aux collections et aux expositions pour vous &amp; votre famille<\/li><li>Participation prioritaire aux activit\u00e9s<\/li><li>Visites guid\u00e9es en compagnie des artistes, commissaires et direction<\/li><li>Catalogue de l\u2019exposition majeure de l\u2019ann\u00e9e<\/li><li>Mention du m\u00e9c\u00e9nat sur les supports de communication<\/li><\/ul>\n\n\n\n<p>Membre b\u00e2tisseur-fondateur: <strong>3000\u20ac<\/strong> <\/p>\n\n\n\n<p>Votre don peut \u00eatre effectu\u00e9 sur le <strong>Compte des Amis du Mus\u00e9e Juif de Belgique <\/strong>&nbsp;: <strong>BE53 7360 4589 9353<\/strong>&nbsp; ou si vous souhaitez b\u00e9n\u00e9ficier de la d\u00e9duction fiscale (s&#8217;\u00e9levant \u00e0 45% du montant vers\u00e9 et donnant lieu \u00e0 une attestation fiscale), nous vous invitons \u00e0 faire le versement au <strong>Compte du Mus\u00e9e Juif de Belgique asbl : BE48 7320 1365 5227<\/strong>.<\/p>\n\n\n<div role=\"form\" class=\"wpcf7\" id=\"wpcf7-f5244-o1\" lang=\"fr-FR\" dir=\"ltr\">\n<div class=\"screen-reader-response\"><p role=\"status\" aria-live=\"polite\" aria-atomic=\"true\"><\/p> <ul><\/ul><\/div>\n<form action=\"\/en\/wp-json\/wp\/v2\/pages\/5190#wpcf7-f5244-o1\" method=\"post\" class=\"wpcf7-form init\" novalidate=\"novalidate\" data-status=\"init\">\n<div style=\"display: none;\">\n<input type=\"hidden\" name=\"_wpcf7\" value=\"5244\" \/>\n<input type=\"hidden\" name=\"_wpcf7_version\" value=\"5.6.1\" \/>\n<input type=\"hidden\" name=\"_wpcf7_locale\" value=\"fr_FR\" \/>\n<input type=\"hidden\" name=\"_wpcf7_unit_tag\" value=\"wpcf7-f5244-o1\" \/>\n<input type=\"hidden\" name=\"_wpcf7_container_post\" value=\"0\" \/>\n<input type=\"hidden\" name=\"_wpcf7_posted_data_hash\" value=\"\" \/>\n<\/div>\n<p><label> Last name *<br \/>\n    <span class=\"wpcf7-form-control-wrap\" data-name=\"last-name\"><input type=\"text\" name=\"last-name\" value=\"\" size=\"40\" class=\"wpcf7-form-control wpcf7-text wpcf7-validates-as-required\" aria-required=\"true\" aria-invalid=\"false\" \/><\/span> <\/label><\/p>\n<p><label> First name *<br \/>\n    <span class=\"wpcf7-form-control-wrap\" data-name=\"first-name\"><input type=\"text\" name=\"first-name\" value=\"\" size=\"40\" class=\"wpcf7-form-control wpcf7-text wpcf7-validates-as-required\" aria-required=\"true\" aria-invalid=\"false\" \/><\/span> <\/label><\/p>\n<p><label> Email Address *<br \/>\n    <span class=\"wpcf7-form-control-wrap\" data-name=\"your-email\"><input type=\"email\" name=\"your-email\" value=\"\" size=\"40\" class=\"wpcf7-form-control wpcf7-text wpcf7-email wpcf7-validates-as-required wpcf7-validates-as-email\" aria-required=\"true\" aria-invalid=\"false\" \/><\/span> <\/label><\/p>\n<p><label> Amount (\u20ac)<br \/>\n    <span class=\"wpcf7-form-control-wrap\" data-name=\"amount\"><input type=\"text\" name=\"amount\" value=\"\" size=\"40\" class=\"wpcf7-form-control wpcf7-text\" aria-invalid=\"false\" \/><\/span> <\/label><\/p>\n<p><label> Phone *<br \/>\n    <span class=\"wpcf7-form-control-wrap\" data-name=\"tel\"><input type=\"tel\" name=\"tel\" value=\"\" size=\"40\" class=\"wpcf7-form-control wpcf7-text wpcf7-tel wpcf7-validates-as-required wpcf7-validates-as-tel\" aria-required=\"true\" aria-invalid=\"false\" \/><\/span> <\/label><\/p>\n<p><label> Address<br \/>\n    <span class=\"wpcf7-form-control-wrap\" data-name=\"adresse\"><input type=\"text\" name=\"adresse\" value=\"\" size=\"40\" class=\"wpcf7-form-control wpcf7-text\" aria-invalid=\"false\" \/><\/span> <\/label><\/p>\n<p><label> Zip code<br \/>\n    <span class=\"wpcf7-form-control-wrap\" data-name=\"code\"><input type=\"number\" name=\"code\" value=\"\" class=\"wpcf7-form-control wpcf7-number wpcf7-validates-as-number\" aria-invalid=\"false\" \/><\/span> <\/label><\/p>\n<p><label> City<br \/>\n    <span class=\"wpcf7-form-control-wrap\" data-name=\"city\"><input type=\"text\" name=\"city\" value=\"\" size=\"40\" class=\"wpcf7-form-control wpcf7-text\" aria-invalid=\"false\" \/><\/span> <\/label><\/p>\n<p><label> Your message<br \/>\n    <span class=\"wpcf7-form-control-wrap\" data-name=\"your-message\"><textarea name=\"your-message\" cols=\"40\" rows=\"10\" class=\"wpcf7-form-control wpcf7-textarea\" aria-invalid=\"false\"><\/textarea><\/span> <\/label><\/p>\n<p><div id=\"cf7sr-69f567067b1d6\" class=\"cf7sr-g-recaptcha\" data-theme=\"light\" data-type=\"image\" data-size=\"normal\" data-sitekey=\"6LekGmcbAAAAAE5jvpMW-X1XgPSvBMgANWtb4lqD\"><\/div><span class=\"wpcf7-form-control-wrap cf7sr-g-recaptcha-invalid\"><\/span><\/p>\n<p><input type=\"submit\" value=\"Send\" class=\"wpcf7-form-control has-spinner wpcf7-submit\" \/><\/p>\n<div class=\"wpcf7-response-output\" aria-hidden=\"true\"><\/div><\/form><\/div>\n","protected":false},"excerpt":{"rendered":"<p>Malgr\u00e9 un contexte difficile, notre \u00e9quipe travaille d\u2019arrache-pied pour offrir \u00e0 notre public des activit\u00e9s et expositions de qualit\u00e9. Nous&#8230;<\/p>\n","protected":false},"author":1,"featured_media":5703,"parent":0,"menu_order":0,"comment_status":"closed","ping_status":"closed","template":"","meta":{"footnotes":""},"class_list":["post-5190","page","type-page","status-publish","has-post-thumbnail","hentry"],"acf":[],"_links":{"self":[{"href":"https:\/\/www.mjb-jmb.org\/en\/wp-json\/wp\/v2\/pages\/5190","targetHints":{"allow":["GET"]}}],"collection":[{"href":"https:\/\/www.mjb-jmb.org\/en\/wp-json\/wp\/v2\/pages"}],"about":[{"href":"https:\/\/www.mjb-jmb.org\/en\/wp-json\/wp\/v2\/types\/page"}],"author":[{"embeddable":true,"href":"https:\/\/www.mjb-jmb.org\/en\/wp-json\/wp\/v2\/users\/1"}],"replies":[{"embeddable":true,"href":"https:\/\/www.mjb-jmb.org\/en\/wp-json\/wp\/v2\/comments?post=5190"}],"version-history":[{"count":0,"href":"https:\/\/www.mjb-jmb.org\/en\/wp-json\/wp\/v2\/pages\/5190\/revisions"}],"wp:featuredmedia":[{"embeddable":true,"href":"https:\/\/www.mjb-jmb.org\/en\/wp-json\/wp\/v2\/media\/5703"}],"wp:attachment":[{"href":"https:\/\/www.mjb-jmb.org\/en\/wp-json\/wp\/v2\/media?parent=5190"}],"curies":[{"name":"wp","href":"https:\/\/api.w.org\/{rel}","templated":true}]}}