{"id":5173,"date":"2020-08-31T14:53:38","date_gmt":"2020-08-31T12:53:38","guid":{"rendered":"https:\/\/www.mjb-jmb.org\/collection\/collection-en-ligne\/"},"modified":"2026-03-05T11:49:55","modified_gmt":"2026-03-05T10:49:55","slug":"collection-en-ligne","status":"publish","type":"page","link":"https:\/\/www.mjb-jmb.org\/en\/collection\/collection-en-ligne\/","title":{"rendered":"Collection en ligne"},"content":{"rendered":"\n<p>Le MJB vous propose ses collections en ligne. Plus de 14.000 objets peuvent d\u00e9sormais \u00eatre consult\u00e9s. Notre inventaire est en cours de perfectionnement et les images se rajoutent au fur et \u00e0 mesure. A terme, l\u2019ensemble de la collection mus\u00e9ale sera consultable, ce qui vous permettra d\u2019avoir un aper\u00e7u de la richesse du patrimoine juif en Belgique et ailleurs.<\/p>\n\n\n\n<p>Consultez notre <a rel=\"noreferrer noopener\" href=\"http:\/\/www.col.mjb-jmb.org\/pa_mjb\/\" target=\"_blank\">moteur de recherche<\/a>.<\/p>\n\n\n\n<h2 class=\"wp-block-heading\"><strong>Am\u00e9lioration de l\u2019information&nbsp;&nbsp;&nbsp;&nbsp;&nbsp;&nbsp;&nbsp;&nbsp;&nbsp;&nbsp;&nbsp;&nbsp;&nbsp;&nbsp;&nbsp;&nbsp;<\/strong><\/h2>\n\n\n\n<p>Le mus\u00e9e s\u2019efforce \u00e0 am\u00e9liorer l\u2019information qui accompagne chaque objet. Nous invitons le public et les chercheurs \u00e0 nous aider \u00e0 corriger l\u2019information et \u00e0 la perfectionner. Toute suggestion est \u00e0 envoyer \u00e0 l\u2019adresse ci-dessous.<\/p>\n\n\n\n<h2 class=\"wp-block-heading\"><strong><strong><strong>Reproduction<\/strong><\/strong><\/strong><\/h2>\n\n\n\n<p>Chaque reproduction d\u2019une image demande une v\u00e9rification de son copyright. Nous vous invitons \u00e0 prendre contact avec le mus\u00e9e.<\/p>\n\n\n\n<h2 class=\"wp-block-heading\">Contact<\/h2>\n\n\n\n<p><strong>Olivier Hottois<\/strong>, Conservateur<br><a href=\"mailto:o.hottois@mjb-jmb.org\" data-type=\"mailto\" data-id=\"mailto:o.hottois@mjb-jmb.org\" target=\"_blank\" rel=\"noreferrer noopener\">o.hottois@mjb-jmb.org<\/a><\/p>\n\n\n\n<p><strong><strong>Cl\u00e9a Fijalkow<\/strong><\/strong>, Conservatrice Junior<br><a href=\"mailto:c.fijalkow@mjb-jmb.org\">c.fijalkow@mjb-jmb.org<\/a><\/p>\n\n\n\n<p><strong><strong><strong>H\u00e9l\u00e8ne Muratore<\/strong><\/strong><\/strong>, Attach\u00e9e Scientifique Collections &amp; Archives<br><a href=\"mailto:c.fijalkow@mjb-jmb.org\"><\/a><a href=\"mailto:h.muratore@mjb-jmb.org\">h.muratore@mjb-jmb.org<\/a><\/p>\n\n\n\n<p><\/p>\n","protected":false},"excerpt":{"rendered":"<p>Le MJB vous propose ses collections en ligne. Plus de 14.000 objets peuvent d\u00e9sormais \u00eatre consult\u00e9s. Notre inventaire est en&#8230;<\/p>\n","protected":false},"author":1,"featured_media":5701,"parent":5131,"menu_order":5,"comment_status":"closed","ping_status":"closed","template":"","meta":{"footnotes":""},"class_list":["post-5173","page","type-page","status-publish","has-post-thumbnail","hentry"],"acf":[],"_links":{"self":[{"href":"https:\/\/www.mjb-jmb.org\/en\/wp-json\/wp\/v2\/pages\/5173","targetHints":{"allow":["GET"]}}],"collection":[{"href":"https:\/\/www.mjb-jmb.org\/en\/wp-json\/wp\/v2\/pages"}],"about":[{"href":"https:\/\/www.mjb-jmb.org\/en\/wp-json\/wp\/v2\/types\/page"}],"author":[{"embeddable":true,"href":"https:\/\/www.mjb-jmb.org\/en\/wp-json\/wp\/v2\/users\/1"}],"replies":[{"embeddable":true,"href":"https:\/\/www.mjb-jmb.org\/en\/wp-json\/wp\/v2\/comments?post=5173"}],"version-history":[{"count":5,"href":"https:\/\/www.mjb-jmb.org\/en\/wp-json\/wp\/v2\/pages\/5173\/revisions"}],"predecessor-version":[{"id":12924,"href":"https:\/\/www.mjb-jmb.org\/en\/wp-json\/wp\/v2\/pages\/5173\/revisions\/12924"}],"up":[{"embeddable":true,"href":"https:\/\/www.mjb-jmb.org\/en\/wp-json\/wp\/v2\/pages\/5131"}],"wp:featuredmedia":[{"embeddable":true,"href":"https:\/\/www.mjb-jmb.org\/en\/wp-json\/wp\/v2\/media\/5701"}],"wp:attachment":[{"href":"https:\/\/www.mjb-jmb.org\/en\/wp-json\/wp\/v2\/media?parent=5173"}],"curies":[{"name":"wp","href":"https:\/\/api.w.org\/{rel}","templated":true}]}}